{"id":372,"date":"2021-08-27T11:59:19","date_gmt":"2021-08-27T09:59:19","guid":{"rendered":"http:\/\/dummy.xtemos.com\/woodmart2\/elementor\/?post_type=product&#038;p=372"},"modified":"2023-07-13T10:24:17","modified_gmt":"2023-07-13T08:24:17","slug":"testenina","status":"publish","type":"product","link":"https:\/\/korekorica.com\/?product=testenina","title":{"rendered":"Testenina"},"content":{"rendered":"\t\t<div data-elementor-type=\"wp-post\" data-elementor-id=\"372\" class=\"elementor elementor-372\">\n\t\t\t\t\t\t\t\t\t<section class=\"wd-negative-gap elementor-section elementor-top-section elementor-element elementor-element-235c261 elementor-section-boxed elementor-section-height-default elementor-section-height-default wd-section-disabled\" data-id=\"235c261\" data-element_type=\"section\">\n\t\t\t\t\t\t<div class=\"elementor-container elementor-column-gap-default\">\n\t\t\t\t\t<div class=\"elementor-column elementor-col-100 elementor-top-column elementor-element elementor-element-7113d4b\" data-id=\"7113d4b\" data-element_type=\"column\">\n\t\t\t<div class=\"elementor-widget-wrap elementor-element-populated\">\n\t\t\t\t\t\t\t\t<div class=\"elementor-element elementor-element-54792bf elementor-widget elementor-widget-wd_text_block\" data-id=\"54792bf\" data-element_type=\"widget\" data-widget_type=\"wd_text_block.default\">\n\t\t\t\t<div class=\"elementor-widget-container\">\n\t\t\t\t\t\t<link rel=\"stylesheet\" id=\"wd-text-block-css\" href=\"https:\/\/korekorica.com\/wp-content\/themes\/woodmart\/css\/parts\/el-text-block.min.css?ver=7.2.4\" type=\"text\/css\" media=\"all\" \/> \t\t\t\t\t<div class=\"wd-text-block reset-last-child text-left\">\n\t\t\t\n\t\t\t<p>Sa na\u0161im doma\u0107im rezancima, priprema obroka nikada nije bila jednostavnija. Samo ih stavite u klju\u010dalu vodu i kuhajte nekoliko minuta, a zatim ih kombinujte sa svojim omiljenim umacima, povr\u0107em ili mesom kako biste stvorili ukusan i zadovoljavaju\u0107i obrok.<\/p>\n\t\t\t\t\t<\/div>\n\t\t\t\t<\/div>\n\t\t\t\t<\/div>\n\t\t\t\t\t<\/div>\n\t\t<\/div>\n\t\t\t\t\t\t\t<\/div>\n\t\t<\/section>\n\t\t\t\t\t\t\t<\/div>\n\t\t","protected":false},"excerpt":{"rendered":"<p>Sa na\u0161im doma\u0107im rezancima, priprema obroka nikada nije bila jednostavnija. Samo ih stavite u klju\u010dalu vodu i kuhajte nekoliko minuta, a zatim ih kombinujte sa svojim omiljenim umacima, povr\u0107em ili mesom kako biste stvorili ukusan i zadovoljavaju\u0107i obrok.<\/p>\n","protected":false},"featured_media":15724,"template":"","meta":[],"product_cat":[73],"product_tag":[],"class_list":{"0":"post-372","1":"product","2":"type-product","3":"status-publish","4":"has-post-thumbnail","6":"product_cat-testenina","8":"first","9":"instock","10":"shipping-taxable","11":"product-type-simple"},"_links":{"self":[{"href":"https:\/\/korekorica.com\/index.php?rest_route=\/wp\/v2\/product\/372","targetHints":{"allow":["GET"]}}],"collection":[{"href":"https:\/\/korekorica.com\/index.php?rest_route=\/wp\/v2\/product"}],"about":[{"href":"https:\/\/korekorica.com\/index.php?rest_route=\/wp\/v2\/types\/product"}],"version-history":[{"count":11,"href":"https:\/\/korekorica.com\/index.php?rest_route=\/wp\/v2\/product\/372\/revisions"}],"predecessor-version":[{"id":15916,"href":"https:\/\/korekorica.com\/index.php?rest_route=\/wp\/v2\/product\/372\/revisions\/15916"}],"wp:featuredmedia":[{"embeddable":true,"href":"https:\/\/korekorica.com\/index.php?rest_route=\/wp\/v2\/media\/15724"}],"wp:attachment":[{"href":"https:\/\/korekorica.com\/index.php?rest_route=%2Fwp%2Fv2%2Fmedia&parent=372"}],"wp:term":[{"taxonomy":"product_cat","embeddable":true,"href":"https:\/\/korekorica.com\/index.php?rest_route=%2Fwp%2Fv2%2Fproduct_cat&post=372"},{"taxonomy":"product_tag","embeddable":true,"href":"https:\/\/korekorica.com\/index.php?rest_route=%2Fwp%2Fv2%2Fproduct_tag&post=372"}],"curies":[{"name":"wp","href":"https:\/\/api.w.org\/{rel}","templated":true}]}}