{"id":15732,"date":"2023-07-07T00:00:31","date_gmt":"2023-07-06T22:00:31","guid":{"rendered":"https:\/\/korekorica.com\/?post_type=product&#038;p=15732"},"modified":"2023-07-13T10:27:38","modified_gmt":"2023-07-13T08:27:38","slug":"kore","status":"publish","type":"product","link":"https:\/\/korekorica.com\/?product=kore","title":{"rendered":"Kore"},"content":{"rendered":"\t\t<div data-elementor-type=\"wp-post\" data-elementor-id=\"15732\" class=\"elementor elementor-15732\">\n\t\t\t\t\t\t\t\t\t<section class=\"wd-negative-gap elementor-section elementor-top-section elementor-element elementor-element-27afdad elementor-section-boxed elementor-section-height-default elementor-section-height-default wd-section-disabled\" data-id=\"27afdad\" data-element_type=\"section\">\n\t\t\t\t\t\t<div class=\"elementor-container elementor-column-gap-default\">\n\t\t\t\t\t<div class=\"elementor-column elementor-col-100 elementor-top-column elementor-element elementor-element-6c2d7c2\" data-id=\"6c2d7c2\" data-element_type=\"column\">\n\t\t\t<div class=\"elementor-widget-wrap elementor-element-populated\">\n\t\t\t\t\t\t\t\t<div class=\"elementor-element elementor-element-6f17b2d elementor-widget elementor-widget-wd_text_block\" data-id=\"6f17b2d\" data-element_type=\"widget\" data-widget_type=\"wd_text_block.default\">\n\t\t\t\t<div class=\"elementor-widget-container\">\n\t\t\t\t\t\t<link rel=\"stylesheet\" id=\"wd-text-block-css\" href=\"https:\/\/korekorica.com\/wp-content\/themes\/woodmart\/css\/parts\/el-text-block.min.css?ver=7.2.4\" type=\"text\/css\" media=\"all\" \/> \t\t\t\t\t<div class=\"wd-text-block reset-last-child text-left\">\n\t\t\t\n\t\t\t<p><span style=\"font-family: Inter, Arial, Helvetica, sans-serif; font-size: 14px; font-style: normal; font-variant-ligatures: normal; font-variant-caps: normal; font-weight: 400; white-space-collapse: collapse;\">Spremne za upotrebu, na\u0161e kore za pitu u\u0161tede\u0107e vam vrijeme i trud. Bez potrebe za razvla\u010denjem tijesta, mo\u017eete se fokusirati na kreativno dodavanje svojih omiljenih nadjeva i brzo pripremiti fantasti\u010dne pite ili kola\u010de.<\/span><\/p>\n\t\t\t\t\t<\/div>\n\t\t\t\t<\/div>\n\t\t\t\t<\/div>\n\t\t\t\t\t<\/div>\n\t\t<\/div>\n\t\t\t\t\t\t\t<\/div>\n\t\t<\/section>\n\t\t\t\t\t\t\t<\/div>\n\t\t","protected":false},"excerpt":{"rendered":"<p>Spremne za upotrebu, na\u0161e kore za pitu u\u0161tede\u0107e vam vrijeme i trud. Bez potrebe za razvla\u010denjem tijesta, mo\u017eete se fokusirati na kreativno dodavanje svojih omiljenih nadjeva i brzo pripremiti fantasti\u010dne pite ili kola\u010de.<\/p>\n","protected":false},"featured_media":15722,"template":"","meta":[],"product_cat":[74],"product_tag":[],"class_list":{"0":"post-15732","1":"product","2":"type-product","3":"status-publish","4":"has-post-thumbnail","6":"product_cat-kore","8":"first","9":"instock","10":"shipping-taxable","11":"product-type-simple"},"_links":{"self":[{"href":"https:\/\/korekorica.com\/index.php?rest_route=\/wp\/v2\/product\/15732","targetHints":{"allow":["GET"]}}],"collection":[{"href":"https:\/\/korekorica.com\/index.php?rest_route=\/wp\/v2\/product"}],"about":[{"href":"https:\/\/korekorica.com\/index.php?rest_route=\/wp\/v2\/types\/product"}],"version-history":[{"count":8,"href":"https:\/\/korekorica.com\/index.php?rest_route=\/wp\/v2\/product\/15732\/revisions"}],"predecessor-version":[{"id":15921,"href":"https:\/\/korekorica.com\/index.php?rest_route=\/wp\/v2\/product\/15732\/revisions\/15921"}],"wp:featuredmedia":[{"embeddable":true,"href":"https:\/\/korekorica.com\/index.php?rest_route=\/wp\/v2\/media\/15722"}],"wp:attachment":[{"href":"https:\/\/korekorica.com\/index.php?rest_route=%2Fwp%2Fv2%2Fmedia&parent=15732"}],"wp:term":[{"taxonomy":"product_cat","embeddable":true,"href":"https:\/\/korekorica.com\/index.php?rest_route=%2Fwp%2Fv2%2Fproduct_cat&post=15732"},{"taxonomy":"product_tag","embeddable":true,"href":"https:\/\/korekorica.com\/index.php?rest_route=%2Fwp%2Fv2%2Fproduct_tag&post=15732"}],"curies":[{"name":"wp","href":"https:\/\/api.w.org\/{rel}","templated":true}]}}