{"id":4439,"date":"2021-10-12T16:27:24","date_gmt":"2021-10-12T14:27:24","guid":{"rendered":"http:\/\/dummy.xtemos.com\/woodmart2\/elementor\/?page_id=4439"},"modified":"2023-07-13T09:30:24","modified_gmt":"2023-07-13T07:30:24","slug":"contact-us","status":"publish","type":"page","link":"https:\/\/korekorica.com\/?page_id=4439","title":{"rendered":"Kontakt"},"content":{"rendered":"\t\t<div data-elementor-type=\"wp-page\" data-elementor-id=\"4439\" class=\"elementor elementor-4439\">\n\t\t\t\t\t\t\t\t\t<section class=\"elementor-section elementor-top-section elementor-element elementor-element-eb17b92 elementor-section-full_width elementor-section-stretched elementor-section-height-default elementor-section-height-default wd-section-disabled\" data-id=\"eb17b92\" data-element_type=\"section\" data-settings=\"{&quot;stretch_section&quot;:&quot;section-stretched&quot;}\">\n\t\t\t\t\t\t<div class=\"elementor-container elementor-column-gap-default\">\n\t\t\t\t\t<div class=\"elementor-column elementor-col-100 elementor-top-column elementor-element elementor-element-ce33cc9\" data-id=\"ce33cc9\" data-element_type=\"column\">\n\t\t\t<div class=\"elementor-widget-wrap elementor-element-populated\">\n\t\t\t\t\t\t\t\t<div class=\"elementor-element elementor-element-81533f2 elementor-widget elementor-widget-google_maps\" data-id=\"81533f2\" data-element_type=\"widget\" data-widget_type=\"google_maps.default\">\n\t\t\t\t<div class=\"elementor-widget-container\">\n\t\t\t<style>\/*! elementor - v3.13.3 - 28-05-2023 *\/\n.elementor-widget-google_maps .elementor-widget-container{overflow:hidden}.elementor-widget-google_maps .elementor-custom-embed{line-height:0}.elementor-widget-google_maps iframe{height:300px}<\/style>\t\t<div class=\"elementor-custom-embed\">\n\t\t\t<iframe loading=\"lazy\"\n\t\t\t\t\tsrc=\"https:\/\/maps.google.com\/maps?q=Kulinovacko%20polje%20&t=m&z=10&output=embed&iwloc=near\"\n\t\t\t\t\ttitle=\"Kulinovacko polje \"\n\t\t\t\t\taria-label=\"Kulinovacko polje \"\n\t\t\t><\/iframe>\n\t\t<\/div>\n\t\t\t\t<\/div>\n\t\t\t\t<\/div>\n\t\t\t\t\t<\/div>\n\t\t<\/div>\n\t\t\t\t\t\t\t<\/div>\n\t\t<\/section>\n\t\t\t\t<section class=\"wd-negative-gap elementor-section elementor-top-section elementor-element elementor-element-1c9344a2 elementor-section-boxed elementor-section-height-default elementor-section-height-default wd-section-disabled\" data-id=\"1c9344a2\" data-element_type=\"section\">\n\t\t\t\t\t\t<div class=\"elementor-container elementor-column-gap-default\">\n\t\t\t\t\t<div class=\"elementor-column elementor-col-100 elementor-top-column elementor-element elementor-element-a4e7846\" data-id=\"a4e7846\" data-element_type=\"column\">\n\t\t\t<div class=\"elementor-widget-wrap elementor-element-populated\">\n\t\t\t\t\t\t\t\t<div class=\"elementor-element elementor-element-88ca337 elementor-widget elementor-widget-wd_title\" data-id=\"88ca337\" data-element_type=\"widget\" data-widget_type=\"wd_title.default\">\n\t\t\t\t<div class=\"elementor-widget-container\">\n\t\t\t\t\t\t<link rel=\"stylesheet\" id=\"wd-section-title-css\" href=\"https:\/\/korekorica.com\/wp-content\/themes\/woodmart\/css\/parts\/el-section-title.min.css?ver=7.2.4\" type=\"text\/css\" media=\"all\" \/> \t\t\t\t\t<div class=\"title-wrapper set-mb-s reset-last-child wd-title-color-default wd-title-style-default wd-title-size-default text-left\">\n\n\t\t\t\n\t\t\t<div class=\"liner-continer\">\n\t\t\t\t<h4 class=\"woodmart-title-container title wd-fontsize-l\"><br \/>\nKONTAKTIRAJTE NAS ZA SVA VA\u0160A PITANJA<\/h4> \n\t\t\t\t\t\t\t<\/div>\n\n\t\t\t\t\t<\/div>\n\t\t\t\t<\/div>\n\t\t\t\t<\/div>\n\t\t\t\t<div class=\"elementor-element elementor-element-3bf30d9 elementor-widget elementor-widget-wd_text_block\" data-id=\"3bf30d9\" data-element_type=\"widget\" data-widget_type=\"wd_text_block.default\">\n\t\t\t\t<div class=\"elementor-widget-container\">\n\t\t\t\t\t\t<link rel=\"stylesheet\" id=\"wd-text-block-css\" href=\"https:\/\/korekorica.com\/wp-content\/themes\/woodmart\/css\/parts\/el-text-block.min.css?ver=7.2.4\" type=\"text\/css\" media=\"all\" \/> \t\t\t\t\t<div class=\"wd-text-block reset-last-child text-left\">\n\t\t\t\n\t\t\t<p><strong>Ukoliko imate bilo kakva pitanja, komentare ili \u017eelite ostvariti saradnju, slobodno nas kontaktirajte putem slede\u0107ih informacija:<\/strong><\/p><p><strong>Kontakt:<\/strong><br \/><strong>Telefon: 0646686748<\/strong><br \/><strong>Adresa: Kulinova\u010dko polje 12\/1<\/strong><br \/><strong>E-mail: korekorica@gmail.com<\/strong><\/p><p><strong>Radno vreme: <\/strong><br \/><strong>Pon - Sub<br \/><\/strong><span style=\"font-style: normal; font-variant-ligatures: normal; font-variant-caps: normal; font-weight: 600; font-family: Inter, Arial, Helvetica, sans-serif; font-size: 16px;\">09:00h - 16:00h<\/span><\/p><p><strong>Ned<br \/><\/strong><span style=\"font-family: Inter, Arial, Helvetica, sans-serif; font-size: 16px; font-style: normal; font-variant-ligatures: normal; font-variant-caps: normal; font-weight: 600; color: var( --e-global-color-secondary ); background-color: var(--wd-main-bgcolor);\">ne radimo<\/span><\/p><p><strong style=\"font-size: 16px; color: var( --e-global-color-secondary ); background-color: var(--wd-main-bgcolor);\">Na\u0161 tim je spreman da vam pru\u017ei podr\u0161ku i odgovori na sva va\u0161a pitanja. Bilo da \u017eelite dobiti dodatne informacije o na\u0161im proizvodima ili uslugama, zaka\u017eete sastanak ili jednostavno ostvarite kontakt radi op\u0161te komunikacije, slobodno nas kontaktirajte putem telefona, e-po\u0161te ili posetite na\u0161u adresu. Radujemo se va\u0161em kontaktu i pru\u017eanju vrhunske usluge.<\/strong><\/p><p><strong>Napomena: Molimo vas da nas kontaktirate tokom radnog vremena kako bismo mogli pru\u017eiti odgovaraju\u0107u podr\u0161ku i brzo odgovoriti na va\u0161e zahteve. Hvala vam na razumevanju.<\/strong><\/p>\n\t\t\t\t\t<\/div>\n\t\t\t\t<\/div>\n\t\t\t\t<\/div>\n\t\t\t\t\t<\/div>\n\t\t<\/div>\n\t\t\t\t\t\t\t<\/div>\n\t\t<\/section>\n\t\t\t\t\t\t\t<\/div>\n\t\t","protected":false},"excerpt":{"rendered":"<p>KONTAKTIRAJTE NAS ZA SVA VA\u0160A PITANJA Ukoliko imate bilo kakva pitanja, komentare ili \u017eelite ostvariti saradnju, slobodno nas kontaktirajte putem<\/p>\n","protected":false},"author":1,"featured_media":0,"parent":0,"menu_order":0,"comment_status":"closed","ping_status":"closed","template":"","meta":{"footnotes":""},"class_list":["post-4439","page","type-page","status-publish","hentry"],"_links":{"self":[{"href":"https:\/\/korekorica.com\/index.php?rest_route=\/wp\/v2\/pages\/4439","targetHints":{"allow":["GET"]}}],"collection":[{"href":"https:\/\/korekorica.com\/index.php?rest_route=\/wp\/v2\/pages"}],"about":[{"href":"https:\/\/korekorica.com\/index.php?rest_route=\/wp\/v2\/types\/page"}],"author":[{"embeddable":true,"href":"https:\/\/korekorica.com\/index.php?rest_route=\/wp\/v2\/users\/1"}],"replies":[{"embeddable":true,"href":"https:\/\/korekorica.com\/index.php?rest_route=%2Fwp%2Fv2%2Fcomments&post=4439"}],"version-history":[{"count":49,"href":"https:\/\/korekorica.com\/index.php?rest_route=\/wp\/v2\/pages\/4439\/revisions"}],"predecessor-version":[{"id":15909,"href":"https:\/\/korekorica.com\/index.php?rest_route=\/wp\/v2\/pages\/4439\/revisions\/15909"}],"wp:attachment":[{"href":"https:\/\/korekorica.com\/index.php?rest_route=%2Fwp%2Fv2%2Fmedia&parent=4439"}],"curies":[{"name":"wp","href":"https:\/\/api.w.org\/{rel}","templated":true}]}}