{"id":4400,"date":"2021-10-12T15:51:09","date_gmt":"2021-10-12T13:51:09","guid":{"rendered":"http:\/\/dummy.xtemos.com\/woodmart2\/elementor\/?page_id=4400"},"modified":"2023-07-13T09:33:04","modified_gmt":"2023-07-13T07:33:04","slug":"about-us-3","status":"publish","type":"page","link":"https:\/\/korekorica.com\/?page_id=4400","title":{"rendered":"O nama"},"content":{"rendered":"\t\t<div data-elementor-type=\"wp-page\" data-elementor-id=\"4400\" class=\"elementor elementor-4400\">\n\t\t\t\t\t\t\t\t\t<section class=\"elementor-section elementor-top-section elementor-element elementor-element-3c548bca elementor-reverse-tablet elementor-reverse-mobile elementor-section-boxed elementor-section-height-default elementor-section-height-default wd-section-disabled\" data-id=\"3c548bca\" data-element_type=\"section\">\n\t\t\t\t\t\t<div class=\"elementor-container elementor-column-gap-default\">\n\t\t\t\t\t<div class=\"elementor-column elementor-col-50 elementor-top-column elementor-element elementor-element-1d354ed7\" data-id=\"1d354ed7\" data-element_type=\"column\">\n\t\t\t<div class=\"elementor-widget-wrap elementor-element-populated\">\n\t\t\t\t\t\t\t\t<div class=\"elementor-element elementor-element-3b8f1c6 elementor-widget elementor-widget-wd_image_or_svg\" data-id=\"3b8f1c6\" data-element_type=\"widget\" data-widget_type=\"wd_image_or_svg.default\">\n\t\t\t\t<div class=\"elementor-widget-container\">\n\t\t\t\n\t\t<div class=\"wd-image text-left\">\n\t\t\t\t\t\t\t\t<img loading=\"lazy\" decoding=\"async\" width=\"5000\" height=\"7003\" src=\"https:\/\/korekorica.com\/wp-content\/uploads\/2023\/07\/filipp-romanovski-3f4A-kCYkhY-unsplash.jpg\" class=\"attachment-full size-full wp-image-15623\" alt=\"\" \/>\t\t\t\t\t<\/div>\n\n\t\t\t\t<\/div>\n\t\t\t\t<\/div>\n\t\t\t\t\t<\/div>\n\t\t<\/div>\n\t\t\t\t<div class=\"elementor-column elementor-col-50 elementor-top-column elementor-element elementor-element-7a9daa7\" data-id=\"7a9daa7\" data-element_type=\"column\">\n\t\t\t<div class=\"elementor-widget-wrap elementor-element-populated\">\n\t\t\t\t\t\t\t\t<div class=\"elementor-element elementor-element-18566191 elementor-widget elementor-widget-wd_title\" data-id=\"18566191\" data-element_type=\"widget\" data-widget_type=\"wd_title.default\">\n\t\t\t\t<div class=\"elementor-widget-container\">\n\t\t\t\t\t\t<link rel=\"stylesheet\" id=\"wd-section-title-css\" href=\"https:\/\/korekorica.com\/wp-content\/themes\/woodmart\/css\/parts\/el-section-title.min.css?ver=7.2.4\" type=\"text\/css\" media=\"all\" \/> \t\t\t\t\t<div class=\"title-wrapper set-mb-s reset-last-child wd-title-color-default wd-title-style-default wd-title-size-large text-left\">\n\n\t\t\t\n\t\t\t<div class=\"liner-continer\">\n\t\t\t\t<h4 class=\"woodmart-title-container title wd-fontsize-xxl\">Ko smo mi: Otkrivanje Na\u0161e Misije i Vrednosti<\/h4> \n\t\t\t\t\t\t\t<\/div>\n\n\t\t\t\t\t<\/div>\n\t\t\t\t<\/div>\n\t\t\t\t<\/div>\n\t\t\t\t<div class=\"elementor-element elementor-element-cf34ae6 elementor-widget__width-initial elementor-widget elementor-widget-wd_text_block\" data-id=\"cf34ae6\" data-element_type=\"widget\" data-widget_type=\"wd_text_block.default\">\n\t\t\t\t<div class=\"elementor-widget-container\">\n\t\t\t\t\t\t<link rel=\"stylesheet\" id=\"wd-text-block-css\" href=\"https:\/\/korekorica.com\/wp-content\/themes\/woodmart\/css\/parts\/el-text-block.min.css?ver=7.2.4\" type=\"text\/css\" media=\"all\" \/> \t\t\t\t\t<div class=\"wd-text-block reset-last-child text-left\">\n\t\t\t\n\t\t\t<p>Mi smo posve\u0107eni proizvodnji najkvalitetnijih kora koje \u0107e vam pomo\u0107i da napravite savr\u0161enu pitu svaki put. Na\u0161a prodavnica je mesto gde mo\u017eete prona\u0107i \u0161irok izbor kora za pite, od tradicionalnih tankih kora do onih sa specijalnim ukusima i teksturama.<\/p><p>Na\u0161 tim stru\u010dnjaka uvek stremi ka tome da vam obezbedi vrhunski kvalitet proizvoda. Svi na\u0161i proizvodi su pa\u017eljivo odabrani i pravljeni od najkvalitetnijih sastojaka. Na\u0161a posve\u0107enost kvalitetu zna\u010di da mo\u017eete biti sigurni da \u0107e va\u0161e pite biti ukusne i savr\u0161eno hrskave.<\/p><p>U srcu na\u0161eg delovanja su na\u0161e vrednosti. Integritet je temelj na kojem gradimo odnose sa na\u0161im korisnicima i partnerima. Verujemo u transparentnost, iskrenost i odgovornost prema svakom koraku koji preduzimamo. Kvalitet je na\u0161a opsesija - te\u017eimo najvi\u0161im standardima u svemu \u0161to radimo. Svakom projektu pristupamo s pa\u017enjom prema detaljima i nepokolebljivom \u017eeljom da postignemo izvrsnost.<\/p>\n\t\t\t\t\t<\/div>\n\t\t\t\t<\/div>\n\t\t\t\t<\/div>\n\t\t\t\t\t<\/div>\n\t\t<\/div>\n\t\t\t\t\t\t\t<\/div>\n\t\t<\/section>\n\t\t\t\t<section class=\"wd-negative-gap elementor-section elementor-top-section elementor-element elementor-element-3334bae elementor-section-boxed elementor-section-height-default elementor-section-height-default wd-section-disabled\" data-id=\"3334bae\" data-element_type=\"section\">\n\t\t\t\t\t\t<div class=\"elementor-container elementor-column-gap-default\">\n\t\t\t\t\t<div class=\"elementor-column elementor-col-50 elementor-top-column elementor-element elementor-element-f6234c2\" data-id=\"f6234c2\" data-element_type=\"column\">\n\t\t\t<div class=\"elementor-widget-wrap elementor-element-populated\">\n\t\t\t\t\t\t\t\t<div class=\"elementor-element elementor-element-7df99c1 elementor-widget elementor-widget-wd_title\" data-id=\"7df99c1\" data-element_type=\"widget\" data-widget_type=\"wd_title.default\">\n\t\t\t\t<div class=\"elementor-widget-container\">\n\t\t\t\t\t<div class=\"title-wrapper set-mb-s reset-last-child wd-title-color-primary wd-title-style-default wd-title-size-large text-left\">\n\n\t\t\t\n\t\t\t<div class=\"liner-continer\">\n\t\t\t\t<h4 class=\"woodmart-title-container title wd-fontsize-xxl\">Za\u0161to nas izabrati: Izuzetan Kvalitet i Usluga<\/h4> \n\t\t\t\t\t\t\t<\/div>\n\n\t\t\t\t\t<\/div>\n\t\t\t\t<\/div>\n\t\t\t\t<\/div>\n\t\t\t\t<div class=\"elementor-element elementor-element-01ecff1 elementor-widget elementor-widget-wd_text_block\" data-id=\"01ecff1\" data-element_type=\"widget\" data-widget_type=\"wd_text_block.default\">\n\t\t\t\t<div class=\"elementor-widget-container\">\n\t\t\t\t\t<div class=\"wd-text-block reset-last-child text-left\">\n\t\t\t\n\t\t\t<p>U na\u0161em preduze\u0107u ponosimo se na izuzetan kvalitet proizvoda i vrhunsku uslugu koju pru\u017eamo na\u0161im klijentima. Na\u0161a posve\u0107enost kvalitetu ogleda se u svakom koraku na\u0161eg poslovanja, po\u010dev\u0161i od pa\u017eljivog odabira najboljih sirovina do precizne proizvodnje na\u0161ih proizvoda. Svaki proizvod koji napu\u0161ta na\u0161e pogone pro\u0161ao je rigorozne kontrole kvaliteta kako bismo vam mogli garantovati vrhunski proizvod.<\/p><p>Na\u0161a usluga tako\u0111e igra klju\u010dnu ulogu u na\u0161em poslovanju. Na\u0161 tim stru\u010dnjaka je tu da vam pru\u017ei podr\u0161ku, odgovori na sva pitanja i pomogne vam u odabiru proizvoda koji najbolje odgovaraju va\u0161im potrebama. Na\u0161 cilj je da svaki klijent oseti personalizovanu pa\u017enju i brigu tokom celog procesa, od po\u010detnog kontakta do isporuke proizvoda.<\/p><p>Verujemo da je kombinacija izuzetnog kvaliteta i vrhunske usluge klju\u010dna za na\u0161 uspeh i zadovoljstvo na\u0161ih klijenata. Uvek smo posve\u0107eni pobolj\u0161anju i unapre\u0111enju na\u0161eg poslovanja kako bismo vam mogli pru\u017eiti jo\u0161 bolje proizvode i iskustvo.<\/p>\n\t\t\t\t\t<\/div>\n\t\t\t\t<\/div>\n\t\t\t\t<\/div>\n\t\t\t\t\t<\/div>\n\t\t<\/div>\n\t\t\t\t<div class=\"elementor-column elementor-col-50 elementor-top-column elementor-element elementor-element-9a99d03\" data-id=\"9a99d03\" data-element_type=\"column\">\n\t\t\t<div class=\"elementor-widget-wrap elementor-element-populated\">\n\t\t\t\t\t\t\t\t<div class=\"elementor-element elementor-element-f5d8c19 elementor-widget elementor-widget-wd_image_or_svg\" data-id=\"f5d8c19\" data-element_type=\"widget\" data-widget_type=\"wd_image_or_svg.default\">\n\t\t\t\t<div class=\"elementor-widget-container\">\n\t\t\t\n\t\t<div class=\"wd-image text-left\">\n\t\t\t\t\t\t\t\t<img loading=\"lazy\" decoding=\"async\" width=\"3360\" height=\"5040\" src=\"https:\/\/korekorica.com\/wp-content\/uploads\/2023\/07\/pexels-klaus-nielsen-6294381.jpg\" class=\"attachment-full size-full wp-image-15793\" alt=\"\" \/>\t\t\t\t\t<\/div>\n\n\t\t\t\t<\/div>\n\t\t\t\t<\/div>\n\t\t\t\t\t<\/div>\n\t\t<\/div>\n\t\t\t\t\t\t\t<\/div>\n\t\t<\/section>\n\t\t\t\t\t\t\t<\/div>\n\t\t","protected":false},"excerpt":{"rendered":"<p>Ko smo mi: Otkrivanje Na\u0161e Misije i Vrednosti Mi smo posve\u0107eni proizvodnji najkvalitetnijih kora koje \u0107e vam pomo\u0107i da napravite<\/p>\n","protected":false},"author":1,"featured_media":0,"parent":0,"menu_order":0,"comment_status":"closed","ping_status":"closed","template":"","meta":{"footnotes":""},"class_list":["post-4400","page","type-page","status-publish","hentry"],"_links":{"self":[{"href":"https:\/\/korekorica.com\/index.php?rest_route=\/wp\/v2\/pages\/4400","targetHints":{"allow":["GET"]}}],"collection":[{"href":"https:\/\/korekorica.com\/index.php?rest_route=\/wp\/v2\/pages"}],"about":[{"href":"https:\/\/korekorica.com\/index.php?rest_route=\/wp\/v2\/types\/page"}],"author":[{"embeddable":true,"href":"https:\/\/korekorica.com\/index.php?rest_route=\/wp\/v2\/users\/1"}],"replies":[{"embeddable":true,"href":"https:\/\/korekorica.com\/index.php?rest_route=%2Fwp%2Fv2%2Fcomments&post=4400"}],"version-history":[{"count":19,"href":"https:\/\/korekorica.com\/index.php?rest_route=\/wp\/v2\/pages\/4400\/revisions"}],"predecessor-version":[{"id":15913,"href":"https:\/\/korekorica.com\/index.php?rest_route=\/wp\/v2\/pages\/4400\/revisions\/15913"}],"wp:attachment":[{"href":"https:\/\/korekorica.com\/index.php?rest_route=%2Fwp%2Fv2%2Fmedia&parent=4400"}],"curies":[{"name":"wp","href":"https:\/\/api.w.org\/{rel}","templated":true}]}}